{"id":435,"date":"2024-02-03T09:29:30","date_gmt":"2024-02-03T09:29:30","guid":{"rendered":"https:\/\/albergoluisss.com\/?page_id=435"},"modified":"2024-02-03T09:31:51","modified_gmt":"2024-02-03T09:31:51","slug":"regolamento-pet-friendly","status":"publish","type":"page","link":"https:\/\/albergoluisss.com\/de\/regolamento-pet-friendly\/","title":{"rendered":"Haustierfreundliche Verordnung"},"content":{"rendered":"<div data-elementor-type=\"wp-page\" data-elementor-id=\"435\" class=\"elementor elementor-435\" data-elementor-post-type=\"page\">\n\t\t\t\t<div data-particle_enable=\"false\" data-particle-mobile-disabled=\"false\" class=\"elementor-element elementor-element-4b35d2b e-flex e-con-boxed e-con e-parent\" data-id=\"4b35d2b\" data-element_type=\"container\" data-settings=\"{&quot;container_type&quot;:&quot;flex&quot;,&quot;content_width&quot;:&quot;boxed&quot;}\" data-core-v316-plus=\"true\">\n\t\t\t\t\t<div class=\"e-con-inner\">\n\t\t\t\t<div class=\"elementor-element elementor-element-e00f64c elementor-widget elementor-widget-heading\" data-id=\"e00f64c\" data-element_type=\"widget\" data-widget_type=\"heading.default\">\n\t\t\t\t<div class=\"elementor-widget-container\">\n\t\t\t<style>\/*! elementor - v3.19.0 - 07-02-2024 *\/\n.elementor-heading-title{padding:0;margin:0;line-height:1}.elementor-widget-heading .elementor-heading-title[class*=elementor-size-]>a{color:inherit;font-size:inherit;line-height:inherit}.elementor-widget-heading .elementor-heading-title.elementor-size-small{font-size:15px}.elementor-widget-heading .elementor-heading-title.elementor-size-medium{font-size:19px}.elementor-widget-heading .elementor-heading-title.elementor-size-large{font-size:29px}.elementor-widget-heading .elementor-heading-title.elementor-size-xl{font-size:39px}.elementor-widget-heading .elementor-heading-title.elementor-size-xxl{font-size:59px}<\/style><h2 class=\"elementor-heading-title elementor-size-default\">Haustierfreundliche Verordnung<\/h2>\t\t<\/div>\n\t\t\t\t<\/div>\n\t\t\t\t\t<\/div>\n\t\t\t\t<\/div>\n\t\t<div data-particle_enable=\"false\" data-particle-mobile-disabled=\"false\" class=\"elementor-element elementor-element-ceeae8f e-flex e-con-boxed e-con e-parent\" data-id=\"ceeae8f\" data-element_type=\"container\" data-settings=\"{&quot;container_type&quot;:&quot;flex&quot;,&quot;content_width&quot;:&quot;boxed&quot;}\" data-core-v316-plus=\"true\">\n\t\t\t\t\t<div class=\"e-con-inner\">\n\t\t\t\t<div class=\"elementor-element elementor-element-07b3c69 elementor-widget elementor-widget-image\" data-id=\"07b3c69\" data-element_type=\"widget\" data-widget_type=\"image.default\">\n\t\t\t\t<div class=\"elementor-widget-container\">\n\t\t\t<style>\/*! elementor - v3.19.0 - 07-02-2024 *\/\n.elementor-widget-image{text-align:center}.elementor-widget-image a{display:inline-block}.elementor-widget-image a img[src$=\".svg\"]{width:48px}.elementor-widget-image img{vertical-align:middle;display:inline-block}<\/style>\t\t\t\t\t\t\t\t\t\t<img fetchpriority=\"high\" decoding=\"async\" width=\"800\" height=\"800\" src=\"https:\/\/albergoluisss.com\/wp-content\/uploads\/2024\/01\/pet.jpg\" class=\"attachment-large size-large wp-image-172\" alt=\"\" srcset=\"https:\/\/albergoluisss.com\/wp-content\/uploads\/2024\/01\/pet.jpg 898w, https:\/\/albergoluisss.com\/wp-content\/uploads\/2024\/01\/pet-300x300.jpg 300w, https:\/\/albergoluisss.com\/wp-content\/uploads\/2024\/01\/pet-150x150.jpg 150w, https:\/\/albergoluisss.com\/wp-content\/uploads\/2024\/01\/pet-768x768.jpg 768w\" sizes=\"(max-width: 800px) 100vw, 800px\" \/>\t\t\t\t\t\t\t\t\t\t\t\t\t<\/div>\n\t\t\t\t<\/div>\n\t\t\t\t\t<\/div>\n\t\t\t\t<\/div>\n\t\t<div data-particle_enable=\"false\" data-particle-mobile-disabled=\"false\" class=\"elementor-element elementor-element-e54b62e e-flex e-con-boxed e-con e-parent\" data-id=\"e54b62e\" data-element_type=\"container\" data-settings=\"{&quot;container_type&quot;:&quot;flex&quot;,&quot;content_width&quot;:&quot;boxed&quot;}\" data-core-v316-plus=\"true\">\n\t\t\t\t\t<div class=\"e-con-inner\">\n\t\t\t\t<div class=\"elementor-element elementor-element-7116275 elementor-widget elementor-widget-heading\" data-id=\"7116275\" data-element_type=\"widget\" data-widget_type=\"heading.default\">\n\t\t\t\t<div class=\"elementor-widget-container\">\n\t\t\t<p class=\"elementor-heading-title elementor-size-default\">\nWir akzeptieren nur kleine oder mittelgro\u00dfe Tiere bis zu einem Gewicht von 25 kg, die vorher angemeldet werden m\u00fcssen.\nobligatorisch, unter Androhung einer Strafe in H\u00f6he von 30% des gesamten Aufenthaltes bei Nichtannahme beim \"Check-in\".\nTiere sind im Fr\u00fchst\u00fccksraum nicht erlaubt.\nTiere sind im Schwimmbad nicht erlaubt.\nTiere d\u00fcrfen nicht allein im Zimmer oder unbeaufsichtigt gelassen werden, wenn die G\u00e4ste das Hotel verlassen.\nIn den \u00f6ffentlichen Bereichen des Hotels m\u00fcssen die Tiere an der Leine oder in einem K\u00e4fig mitgef\u00fchrt werden.\nEs ist strengstens untersagt, Tiere auf Betten, Sesseln, St\u00fchlen, Tischen usw. zu lassen.\nDie Tierhalter \u00fcbernehmen die volle Verantwortung f\u00fcr alle Sch\u00e4den, die\ndie von den Tieren verursacht werden.\nDie Tiere m\u00fcssen an ein Leben in einer sauberen Umgebung gew\u00f6hnt sein. Sollten Ihre Tiere\noder Sch\u00e4den verursachen, ist die Direktion berechtigt, die volle Bezahlung des Schadens zu verlangen.\nSchaden zu verlangen.\nAus Gr\u00fcnden der Sicherheit und des Komforts Ihres Tieres wird das Servicepersonal das Zimmer nicht reinigen, wenn Ihr\nIhr Tier unbeaufsichtigt gelassen wird.\nF\u00fcr die Beseitigung von Tierkot sind die Besitzer selbst verantwortlich. Die G\u00e4ste werden gebeten\nHygienebeutel zur Aufnahme von Tierkot mitzubringen.\nAus hygienischen und sicherheitstechnischen Gr\u00fcnden sind die G\u00e4ste verpflichtet, die Hinterlassenschaften ihrer Haustiere selbst zu beseitigen.\nDie G\u00e4ste sind verpflichtet, die Tiere in geeigneten Zwingern, K\u00e4figen oder Transportboxen unterzubringen.\nDas Hotel stellt keine derartigen Materialien oder Ausr\u00fcstungen zur Verf\u00fcgung.<\/p>\t\t<\/div>\n\t\t\t\t<\/div>\n\t\t\t\t\t<\/div>\n\t\t\t\t<\/div>\n\t\t\t\t<\/div>","protected":false},"excerpt":{"rendered":"<p>Haustierfreundliche Bestimmungen Nur kleine oder mittelgro\u00dfe Tiere bis zu einem H\u00f6chstgewicht von 25 kg werden nach vorheriger obligatorischer Anmeldung akzeptiert, bei einer Strafe von 30% des gesamten Aufenthalts. Tiere sind im Fr\u00fchst\u00fccksraum nicht erlaubt. Tiere sind im Schwimmbad nicht erlaubt. Tiere d\u00fcrfen nicht [...]<\/p>","protected":false},"author":1,"featured_media":0,"parent":0,"menu_order":0,"comment_status":"closed","ping_status":"closed","template":"","meta":{"footnotes":""},"class_list":["post-435","page","type-page","status-publish","hentry"],"_links":{"self":[{"href":"https:\/\/albergoluisss.com\/de\/wp-json\/wp\/v2\/pages\/435","targetHints":{"allow":["GET"]}}],"collection":[{"href":"https:\/\/albergoluisss.com\/de\/wp-json\/wp\/v2\/pages"}],"about":[{"href":"https:\/\/albergoluisss.com\/de\/wp-json\/wp\/v2\/types\/page"}],"author":[{"embeddable":true,"href":"https:\/\/albergoluisss.com\/de\/wp-json\/wp\/v2\/users\/1"}],"replies":[{"embeddable":true,"href":"https:\/\/albergoluisss.com\/de\/wp-json\/wp\/v2\/comments?post=435"}],"version-history":[{"count":4,"href":"https:\/\/albergoluisss.com\/de\/wp-json\/wp\/v2\/pages\/435\/revisions"}],"predecessor-version":[{"id":439,"href":"https:\/\/albergoluisss.com\/de\/wp-json\/wp\/v2\/pages\/435\/revisions\/439"}],"wp:attachment":[{"href":"https:\/\/albergoluisss.com\/de\/wp-json\/wp\/v2\/media?parent=435"}],"curies":[{"name":"wp","href":"https:\/\/api.w.org\/{rel}","templated":true}]}}